{"id":24,"date":"2021-01-04T16:29:37","date_gmt":"2021-01-04T16:29:37","guid":{"rendered":"https:\/\/jazanalabs.com\/?p=24"},"modified":"2025-05-13T23:48:10","modified_gmt":"2025-05-13T23:48:10","slug":"support","status":"publish","type":"page","link":"https:\/\/jazanalabs.com\/?page_id=24","title":{"rendered":"Support"},"content":{"rendered":"<h1>Sistemas a la Medida<\/h1>\n<div>Analizamos tu problem\u00e1ticas para ofrecer una soluci\u00f3n adecuada, es decir. nuestras soluciones de desarrollo a la medida se adaptan a tu negocio por lo que el sistema que construyamos para ti tendr\u00e1 todo lo que necesitas.<\/div>\n<div>Normalmente los casos de proyectos de software a medida parten de una necesidad particular. En algunos casos nuestros clientes necesitan apoyar una parte de su proceso de negocios particular, integr\u00e1ndolo otros sistemas internos. Tambi\u00e9n encontramos casos de clientes que tienen soluciones a medida con oportunidades de mejora debido a cambios tecnol\u00f3gicos, porque no fueron bien construidas o por otras razones internas.<\/div>\n<hr>\n<p><!--more--><br \/>\n<!-- {\"type\":\"layout\",\"children\":[{\"type\":\"section\",\"props\":{\"animation\":\"slide-bottom-medium\",\"animation_delay\":\"200\",\"header_transparent\":true,\"header_transparent_noplaceholder\":false,\"header_transparent_text_color\":\"light\",\"image\":\"wp-content\\\/uploads\\\/yootheme\\\/blog-post-five-ways-devops-helps-with-technical-debt.jpg\",\"image_position\":\"center-center\",\"overlap\":true,\"padding\":\"large\",\"padding_remove_bottom\":false,\"style\":\"primary\",\"title_breakpoint\":\"xl\",\"title_position\":\"top-left\",\"title_rotation\":\"left\",\"vertical_align\":\"\",\"width\":\"default\"},\"children\":[{\"type\":\"row\",\"children\":[{\"type\":\"column\",\"props\":{\"image_position\":\"center-center\",\"position_sticky_breakpoint\":\"m\"},\"children\":[{\"type\":\"headline\",\"props\":{\"content\":\"Sistemas a la Medida\",\"margin\":\"remove-vertical\",\"text_align\":\"center\",\"title_element\":\"h1\",\"title_style\":\"heading-small\"}}]}],\"props\":{\"margin\":\"large\"}}],\"name\":\"Hero\",\"modified\":\"2021-01-13T15:56:34.607Z\"},{\"type\":\"section\",\"props\":{\"animation\":\"fade\",\"animation_delay\":\"200\",\"image_position\":\"center-center\",\"padding\":\"large\",\"padding_remove_bottom\":true,\"style\":\"default\",\"title_breakpoint\":\"xl\",\"title_position\":\"top-left\",\"title_rotation\":\"left\",\"vertical_align\":\"\",\"width\":\"large\"},\"children\":[{\"type\":\"row\",\"children\":[{\"type\":\"column\",\"props\":{\"image_position\":\"center-center\",\"position_sticky_breakpoint\":\"m\"},\"children\":[{\"type\":\"text\",\"props\":{\"column_breakpoint\":\"m\",\"content\":\"Analizamos tu problem\\u00e1ticas para ofrecer una soluci\\u00f3n adecuada, es decir. nuestras soluciones de desarrollo a la medida se adaptan a tu negocio por lo que el sistema que construyamos para ti tendr\\u00e1 todo lo que necesitas.\",\"margin\":\"default\",\"text_align\":\"center\",\"text_color\":\"emphasis\",\"text_style\":\"lead\"}},{\"type\":\"text\",\"props\":{\"column_breakpoint\":\"m\",\"content\":\"Normalmente los casos de proyectos de software a medida parten de una necesidad particular. En algunos casos nuestros clientes necesitan apoyar una parte de su proceso de negocios particular, integr\\u00e1ndolo otros sistemas internos. Tambi\\u00e9n encontramos casos de clientes que tienen soluciones a medida con oportunidades de mejora debido a cambios tecnol\\u00f3gicos, porque no fueron bien construidas o por otras razones internas.\",\"margin\":\"default\",\"text_align\":\"center\",\"text_color\":\"emphasis\",\"text_style\":\"lead\"}},{\"type\":\"divider\",\"props\":{\"animation\":\"none\",\"divider_element\":\"hr\",\"margin\":\"xlarge\",\"margin_remove_bottom\":false}}]}]}],\"name\":\"Call to Action\"}],\"version\":\"4.5.15\"} --><\/p>\n","protected":false},"excerpt":{"rendered":"<p>Sistemas a la Medida Analizamos tu problem\u00e1ticas para ofrecer una soluci\u00f3n adecuada, es decir. nuestras soluciones de desarrollo a la medida se adaptan a tu negocio por lo que el sistema que construyamos para ti tendr\u00e1 todo lo que necesitas. Normalmente los casos de proyectos de software a medida parten de una necesidad particular. En [&hellip;]<\/p>\n","protected":false},"author":1,"featured_media":0,"parent":0,"menu_order":0,"comment_status":"closed","ping_status":"closed","template":"","meta":{"_acf_changed":false,"footnotes":""},"class_list":["post-24","page","type-page","status-publish","hentry"],"acf":[],"_links":{"self":[{"href":"https:\/\/jazanalabs.com\/index.php?rest_route=\/wp\/v2\/pages\/24","targetHints":{"allow":["GET"]}}],"collection":[{"href":"https:\/\/jazanalabs.com\/index.php?rest_route=\/wp\/v2\/pages"}],"about":[{"href":"https:\/\/jazanalabs.com\/index.php?rest_route=\/wp\/v2\/types\/page"}],"author":[{"embeddable":true,"href":"https:\/\/jazanalabs.com\/index.php?rest_route=\/wp\/v2\/users\/1"}],"replies":[{"embeddable":true,"href":"https:\/\/jazanalabs.com\/index.php?rest_route=%2Fwp%2Fv2%2Fcomments&post=24"}],"version-history":[{"count":3,"href":"https:\/\/jazanalabs.com\/index.php?rest_route=\/wp\/v2\/pages\/24\/revisions"}],"predecessor-version":[{"id":2268,"href":"https:\/\/jazanalabs.com\/index.php?rest_route=\/wp\/v2\/pages\/24\/revisions\/2268"}],"wp:attachment":[{"href":"https:\/\/jazanalabs.com\/index.php?rest_route=%2Fwp%2Fv2%2Fmedia&parent=24"}],"curies":[{"name":"wp","href":"https:\/\/api.w.org\/{rel}","templated":true}]}}